{"id":99,"date":"2020-10-04T03:50:55","date_gmt":"2020-10-04T03:50:55","guid":{"rendered":"https:\/\/logitechnorthcone.com\/navidadcolombia\/?post_type=product&#038;p=99"},"modified":"2021-12-04T14:34:02","modified_gmt":"2021-12-04T14:34:02","slug":"tarah-pro-audifonos-deportivos-profesionales-jaybird","status":"publish","type":"product","link":"https:\/\/logitechnorthcone.com\/navidadcolombia\/producto\/tarah-pro-audifonos-deportivos-profesionales-jaybird\/","title":{"rendered":"Tarah Pro"},"content":{"rendered":"<p>Disfruta la m\u00fasica a tu manera con los Tarah Pro de Jaybird. Ecualiza tu sonido desde la aplicaci\u00f3n de Jaybird que encontrar\u00e1s en la app store de tu celular.<\/p>\n<p>Un alto nivel de entrenamiento requiere un alto nivel de inspiraci\u00f3n y \u00bfQu\u00e9 mejor inspiraci\u00f3n que la que nos brinda m\u00fasica? Disfruta tus canciones favoritas de forma inal\u00e1mbrica y segura, porque no se te caer\u00e1n los aud\u00edfonos mientras entrenas intensamente.<\/p>\n","protected":false},"excerpt":{"rendered":"<p>Disfruta la m\u00fasica a tu manera con los Tarah Pro de Jaybird. Ecualiza tu sonido desde la aplicaci\u00f3n de Jaybird que encontrar\u00e1s en la app store de tu celular. Un alto nivel de entrenamiento requiere un alto nivel de inspiraci\u00f3n y \u00bfQu\u00e9 mejor inspiraci\u00f3n que la que nos brinda m\u00fasica? Disfruta tus canciones favoritas de [&hellip;]<\/p>\n","protected":false},"featured_media":466,"comment_status":"open","ping_status":"closed","template":"","meta":{"_et_pb_use_builder":"","_et_pb_old_content":"","_et_gb_content_width":""},"product_brand":[],"product_cat":[15],"product_tag":[],"class_list":{"0":"post-99","1":"product","2":"type-product","3":"status-publish","4":"has-post-thumbnail","6":"product_cat-sin-categorizar","8":"first","9":"outofstock","10":"shipping-taxable","11":"product-type-variable"},"yoast_head":"<!-- This site is optimized with the Yoast SEO plugin v26.0 - https:\/\/yoast.com\/wordpress\/plugins\/seo\/ -->\n<title>Tarah Pro - Guia De Regalos Tecno<\/title>\n<meta name=\"robots\" content=\"index, follow, max-snippet:-1, max-image-preview:large, max-video-preview:-1\" \/>\n<link rel=\"canonical\" href=\"https:\/\/logitechnorthcone.com\/navidadcolombia\/producto\/tarah-pro-audifonos-deportivos-profesionales-jaybird\/\" \/>\n<meta property=\"og:locale\" content=\"en_US\" \/>\n<meta property=\"og:type\" content=\"article\" \/>\n<meta property=\"og:title\" content=\"Tarah Pro - Guia De Regalos Tecno\" \/>\n<meta property=\"og:description\" content=\"Disfruta la m\u00fasica a tu manera con los Tarah Pro de Jaybird. Ecualiza tu sonido desde la aplicaci\u00f3n de Jaybird que encontrar\u00e1s en la app store de tu celular. Un alto nivel de entrenamiento requiere un alto nivel de inspiraci\u00f3n y \u00bfQu\u00e9 mejor inspiraci\u00f3n que la que nos brinda m\u00fasica? Disfruta tus canciones favoritas de [&hellip;]\" \/>\n<meta property=\"og:url\" content=\"https:\/\/logitechnorthcone.com\/navidadcolombia\/producto\/tarah-pro-audifonos-deportivos-profesionales-jaybird\/\" \/>\n<meta property=\"og:site_name\" content=\"Guia De Regalos Tecno\" \/>\n<meta property=\"article:modified_time\" content=\"2021-12-04T14:34:02+00:00\" \/>\n<meta property=\"og:image\" content=\"https:\/\/logitechnorthcone.com\/navidadcolombia\/wp-content\/uploads\/2020\/11\/tarah-pro.png\" \/>\n\t<meta property=\"og:image:width\" content=\"968\" \/>\n\t<meta property=\"og:image:height\" content=\"1052\" \/>\n\t<meta property=\"og:image:type\" content=\"image\/png\" \/>\n<meta name=\"twitter:card\" content=\"summary_large_image\" \/>\n<script type=\"application\/ld+json\" class=\"yoast-schema-graph\">{\"@context\":\"https:\/\/schema.org\",\"@graph\":[{\"@type\":\"WebPage\",\"@id\":\"https:\/\/logitechnorthcone.com\/navidadcolombia\/producto\/tarah-pro-audifonos-deportivos-profesionales-jaybird\/\",\"url\":\"https:\/\/logitechnorthcone.com\/navidadcolombia\/producto\/tarah-pro-audifonos-deportivos-profesionales-jaybird\/\",\"name\":\"Tarah Pro - Guia De Regalos Tecno\",\"isPartOf\":{\"@id\":\"https:\/\/logitechnorthcone.com\/navidadcolombia\/#website\"},\"primaryImageOfPage\":{\"@id\":\"https:\/\/logitechnorthcone.com\/navidadcolombia\/producto\/tarah-pro-audifonos-deportivos-profesionales-jaybird\/#primaryimage\"},\"image\":{\"@id\":\"https:\/\/logitechnorthcone.com\/navidadcolombia\/producto\/tarah-pro-audifonos-deportivos-profesionales-jaybird\/#primaryimage\"},\"thumbnailUrl\":\"https:\/\/logitechnorthcone.com\/navidadcolombia\/wp-content\/uploads\/2020\/11\/tarah-pro.png\",\"datePublished\":\"2020-10-04T03:50:55+00:00\",\"dateModified\":\"2021-12-04T14:34:02+00:00\",\"breadcrumb\":{\"@id\":\"https:\/\/logitechnorthcone.com\/navidadcolombia\/producto\/tarah-pro-audifonos-deportivos-profesionales-jaybird\/#breadcrumb\"},\"inLanguage\":\"en-US\",\"potentialAction\":[{\"@type\":\"ReadAction\",\"target\":[\"https:\/\/logitechnorthcone.com\/navidadcolombia\/producto\/tarah-pro-audifonos-deportivos-profesionales-jaybird\/\"]}]},{\"@type\":\"ImageObject\",\"inLanguage\":\"en-US\",\"@id\":\"https:\/\/logitechnorthcone.com\/navidadcolombia\/producto\/tarah-pro-audifonos-deportivos-profesionales-jaybird\/#primaryimage\",\"url\":\"https:\/\/logitechnorthcone.com\/navidadcolombia\/wp-content\/uploads\/2020\/11\/tarah-pro.png\",\"contentUrl\":\"https:\/\/logitechnorthcone.com\/navidadcolombia\/wp-content\/uploads\/2020\/11\/tarah-pro.png\",\"width\":968,\"height\":1052},{\"@type\":\"BreadcrumbList\",\"@id\":\"https:\/\/logitechnorthcone.com\/navidadcolombia\/producto\/tarah-pro-audifonos-deportivos-profesionales-jaybird\/#breadcrumb\",\"itemListElement\":[{\"@type\":\"ListItem\",\"position\":1,\"name\":\"Portada\",\"item\":\"https:\/\/logitechnorthcone.com\/navidadcolombia\/\"},{\"@type\":\"ListItem\",\"position\":2,\"name\":\"Tienda\",\"item\":\"https:\/\/logitechnorthcone.com\/navidadcolombia\/tienda\/\"},{\"@type\":\"ListItem\",\"position\":3,\"name\":\"Tarah Pro\"}]},{\"@type\":\"WebSite\",\"@id\":\"https:\/\/logitechnorthcone.com\/navidadcolombia\/#website\",\"url\":\"https:\/\/logitechnorthcone.com\/navidadcolombia\/\",\"name\":\"Guia De Regalos Tecno\",\"description\":\"Tecnolog\u00eda a tu alcance\",\"potentialAction\":[{\"@type\":\"SearchAction\",\"target\":{\"@type\":\"EntryPoint\",\"urlTemplate\":\"https:\/\/logitechnorthcone.com\/navidadcolombia\/?s={search_term_string}\"},\"query-input\":{\"@type\":\"PropertyValueSpecification\",\"valueRequired\":true,\"valueName\":\"search_term_string\"}}],\"inLanguage\":\"en-US\"}]}<\/script>\n<!-- \/ Yoast SEO plugin. -->","yoast_head_json":{"title":"Tarah Pro - Guia De Regalos Tecno","robots":{"index":"index","follow":"follow","max-snippet":"max-snippet:-1","max-image-preview":"max-image-preview:large","max-video-preview":"max-video-preview:-1"},"canonical":"https:\/\/logitechnorthcone.com\/navidadcolombia\/producto\/tarah-pro-audifonos-deportivos-profesionales-jaybird\/","og_locale":"en_US","og_type":"article","og_title":"Tarah Pro - Guia De Regalos Tecno","og_description":"Disfruta la m\u00fasica a tu manera con los Tarah Pro de Jaybird. Ecualiza tu sonido desde la aplicaci\u00f3n de Jaybird que encontrar\u00e1s en la app store de tu celular. Un alto nivel de entrenamiento requiere un alto nivel de inspiraci\u00f3n y \u00bfQu\u00e9 mejor inspiraci\u00f3n que la que nos brinda m\u00fasica? Disfruta tus canciones favoritas de [&hellip;]","og_url":"https:\/\/logitechnorthcone.com\/navidadcolombia\/producto\/tarah-pro-audifonos-deportivos-profesionales-jaybird\/","og_site_name":"Guia De Regalos Tecno","article_modified_time":"2021-12-04T14:34:02+00:00","og_image":[{"width":968,"height":1052,"url":"https:\/\/logitechnorthcone.com\/navidadcolombia\/wp-content\/uploads\/2020\/11\/tarah-pro.png","type":"image\/png"}],"twitter_card":"summary_large_image","schema":{"@context":"https:\/\/schema.org","@graph":[{"@type":"WebPage","@id":"https:\/\/logitechnorthcone.com\/navidadcolombia\/producto\/tarah-pro-audifonos-deportivos-profesionales-jaybird\/","url":"https:\/\/logitechnorthcone.com\/navidadcolombia\/producto\/tarah-pro-audifonos-deportivos-profesionales-jaybird\/","name":"Tarah Pro - Guia De Regalos Tecno","isPartOf":{"@id":"https:\/\/logitechnorthcone.com\/navidadcolombia\/#website"},"primaryImageOfPage":{"@id":"https:\/\/logitechnorthcone.com\/navidadcolombia\/producto\/tarah-pro-audifonos-deportivos-profesionales-jaybird\/#primaryimage"},"image":{"@id":"https:\/\/logitechnorthcone.com\/navidadcolombia\/producto\/tarah-pro-audifonos-deportivos-profesionales-jaybird\/#primaryimage"},"thumbnailUrl":"https:\/\/logitechnorthcone.com\/navidadcolombia\/wp-content\/uploads\/2020\/11\/tarah-pro.png","datePublished":"2020-10-04T03:50:55+00:00","dateModified":"2021-12-04T14:34:02+00:00","breadcrumb":{"@id":"https:\/\/logitechnorthcone.com\/navidadcolombia\/producto\/tarah-pro-audifonos-deportivos-profesionales-jaybird\/#breadcrumb"},"inLanguage":"en-US","potentialAction":[{"@type":"ReadAction","target":["https:\/\/logitechnorthcone.com\/navidadcolombia\/producto\/tarah-pro-audifonos-deportivos-profesionales-jaybird\/"]}]},{"@type":"ImageObject","inLanguage":"en-US","@id":"https:\/\/logitechnorthcone.com\/navidadcolombia\/producto\/tarah-pro-audifonos-deportivos-profesionales-jaybird\/#primaryimage","url":"https:\/\/logitechnorthcone.com\/navidadcolombia\/wp-content\/uploads\/2020\/11\/tarah-pro.png","contentUrl":"https:\/\/logitechnorthcone.com\/navidadcolombia\/wp-content\/uploads\/2020\/11\/tarah-pro.png","width":968,"height":1052},{"@type":"BreadcrumbList","@id":"https:\/\/logitechnorthcone.com\/navidadcolombia\/producto\/tarah-pro-audifonos-deportivos-profesionales-jaybird\/#breadcrumb","itemListElement":[{"@type":"ListItem","position":1,"name":"Portada","item":"https:\/\/logitechnorthcone.com\/navidadcolombia\/"},{"@type":"ListItem","position":2,"name":"Tienda","item":"https:\/\/logitechnorthcone.com\/navidadcolombia\/tienda\/"},{"@type":"ListItem","position":3,"name":"Tarah Pro"}]},{"@type":"WebSite","@id":"https:\/\/logitechnorthcone.com\/navidadcolombia\/#website","url":"https:\/\/logitechnorthcone.com\/navidadcolombia\/","name":"Guia De Regalos Tecno","description":"Tecnolog\u00eda a tu alcance","potentialAction":[{"@type":"SearchAction","target":{"@type":"EntryPoint","urlTemplate":"https:\/\/logitechnorthcone.com\/navidadcolombia\/?s={search_term_string}"},"query-input":{"@type":"PropertyValueSpecification","valueRequired":true,"valueName":"search_term_string"}}],"inLanguage":"en-US"}]}},"_links":{"self":[{"href":"https:\/\/logitechnorthcone.com\/navidadcolombia\/wp-json\/wp\/v2\/product\/99","targetHints":{"allow":["GET"]}}],"collection":[{"href":"https:\/\/logitechnorthcone.com\/navidadcolombia\/wp-json\/wp\/v2\/product"}],"about":[{"href":"https:\/\/logitechnorthcone.com\/navidadcolombia\/wp-json\/wp\/v2\/types\/product"}],"replies":[{"embeddable":true,"href":"https:\/\/logitechnorthcone.com\/navidadcolombia\/wp-json\/wp\/v2\/comments?post=99"}],"wp:featuredmedia":[{"embeddable":true,"href":"https:\/\/logitechnorthcone.com\/navidadcolombia\/wp-json\/wp\/v2\/media\/466"}],"wp:attachment":[{"href":"https:\/\/logitechnorthcone.com\/navidadcolombia\/wp-json\/wp\/v2\/media?parent=99"}],"wp:term":[{"taxonomy":"product_brand","embeddable":true,"href":"https:\/\/logitechnorthcone.com\/navidadcolombia\/wp-json\/wp\/v2\/product_brand?post=99"},{"taxonomy":"product_cat","embeddable":true,"href":"https:\/\/logitechnorthcone.com\/navidadcolombia\/wp-json\/wp\/v2\/product_cat?post=99"},{"taxonomy":"product_tag","embeddable":true,"href":"https:\/\/logitechnorthcone.com\/navidadcolombia\/wp-json\/wp\/v2\/product_tag?post=99"}],"curies":[{"name":"wp","href":"https:\/\/api.w.org\/{rel}","templated":true}]}}