{"id":84,"date":"2020-10-04T03:35:14","date_gmt":"2020-10-04T03:35:14","guid":{"rendered":"https:\/\/logitechnorthcone.com\/navidadcolombia\/?post_type=product&#038;p=84"},"modified":"2021-12-04T14:34:08","modified_gmt":"2021-12-04T14:34:08","slug":"tarah-audifonos-deportivos-profesionales-jaybird","status":"publish","type":"product","link":"https:\/\/logitechnorthcone.com\/navidadcolombia\/producto\/tarah-audifonos-deportivos-profesionales-jaybird\/","title":{"rendered":"Tarah"},"content":{"rendered":"<p>Jaybird es una marca que se ha ido ganando el coraz\u00f3n de los colombianos ya que es una marca para deportistas profesionales y brinda un sonido ideal.<\/p>\n<p>Los Tarah te permiten entrenar sin molestos cables que cuelguen. Cuentan con un \u00fanico cable que ir\u00e1 detr\u00e1s de tu cuello conectando un auricular con el otro y te brinda un sonido \u00fanico que disfrutar\u00e1s c\u00f3modamente al entrenar.<\/p>\n","protected":false},"excerpt":{"rendered":"<p>Jaybird es una marca que se ha ido ganando el coraz\u00f3n de los colombianos ya que es una marca para deportistas profesionales y brinda un sonido ideal. Los Tarah te permiten entrenar sin molestos cables que cuelguen. Cuentan con un \u00fanico cable que ir\u00e1 detr\u00e1s de tu cuello conectando un auricular con el otro y [&hellip;]<\/p>\n","protected":false},"featured_media":655,"comment_status":"open","ping_status":"closed","template":"","meta":{"_et_pb_use_builder":"","_et_pb_old_content":"","_et_gb_content_width":""},"product_brand":[],"product_cat":[15],"product_tag":[],"class_list":{"0":"post-84","1":"product","2":"type-product","3":"status-publish","4":"has-post-thumbnail","6":"product_cat-sin-categorizar","8":"first","9":"outofstock","10":"shipping-taxable","11":"product-type-variable"},"yoast_head":"<!-- This site is optimized with the Yoast SEO plugin v26.0 - https:\/\/yoast.com\/wordpress\/plugins\/seo\/ -->\n<title>Tarah - Guia De Regalos Tecno<\/title>\n<meta name=\"robots\" content=\"index, follow, max-snippet:-1, max-image-preview:large, max-video-preview:-1\" \/>\n<link rel=\"canonical\" href=\"https:\/\/logitechnorthcone.com\/navidadcolombia\/producto\/tarah-audifonos-deportivos-profesionales-jaybird\/\" \/>\n<meta property=\"og:locale\" content=\"en_US\" \/>\n<meta property=\"og:type\" content=\"article\" \/>\n<meta property=\"og:title\" content=\"Tarah - Guia De Regalos Tecno\" \/>\n<meta property=\"og:description\" content=\"Jaybird es una marca que se ha ido ganando el coraz\u00f3n de los colombianos ya que es una marca para deportistas profesionales y brinda un sonido ideal. Los Tarah te permiten entrenar sin molestos cables que cuelguen. Cuentan con un \u00fanico cable que ir\u00e1 detr\u00e1s de tu cuello conectando un auricular con el otro y [&hellip;]\" \/>\n<meta property=\"og:url\" content=\"https:\/\/logitechnorthcone.com\/navidadcolombia\/producto\/tarah-audifonos-deportivos-profesionales-jaybird\/\" \/>\n<meta property=\"og:site_name\" content=\"Guia De Regalos Tecno\" \/>\n<meta property=\"article:modified_time\" content=\"2021-12-04T14:34:08+00:00\" \/>\n<meta property=\"og:image\" content=\"https:\/\/logitechnorthcone.com\/navidadcolombia\/wp-content\/uploads\/2020\/10\/tarah-audifonos.jpg\" \/>\n\t<meta property=\"og:image:width\" content=\"800\" \/>\n\t<meta property=\"og:image:height\" content=\"800\" \/>\n\t<meta property=\"og:image:type\" content=\"image\/jpeg\" \/>\n<meta name=\"twitter:card\" content=\"summary_large_image\" \/>\n<script type=\"application\/ld+json\" class=\"yoast-schema-graph\">{\"@context\":\"https:\/\/schema.org\",\"@graph\":[{\"@type\":\"WebPage\",\"@id\":\"https:\/\/logitechnorthcone.com\/navidadcolombia\/producto\/tarah-audifonos-deportivos-profesionales-jaybird\/\",\"url\":\"https:\/\/logitechnorthcone.com\/navidadcolombia\/producto\/tarah-audifonos-deportivos-profesionales-jaybird\/\",\"name\":\"Tarah - Guia De Regalos Tecno\",\"isPartOf\":{\"@id\":\"https:\/\/logitechnorthcone.com\/navidadcolombia\/#website\"},\"primaryImageOfPage\":{\"@id\":\"https:\/\/logitechnorthcone.com\/navidadcolombia\/producto\/tarah-audifonos-deportivos-profesionales-jaybird\/#primaryimage\"},\"image\":{\"@id\":\"https:\/\/logitechnorthcone.com\/navidadcolombia\/producto\/tarah-audifonos-deportivos-profesionales-jaybird\/#primaryimage\"},\"thumbnailUrl\":\"https:\/\/logitechnorthcone.com\/navidadcolombia\/wp-content\/uploads\/2020\/10\/tarah-audifonos.jpg\",\"datePublished\":\"2020-10-04T03:35:14+00:00\",\"dateModified\":\"2021-12-04T14:34:08+00:00\",\"breadcrumb\":{\"@id\":\"https:\/\/logitechnorthcone.com\/navidadcolombia\/producto\/tarah-audifonos-deportivos-profesionales-jaybird\/#breadcrumb\"},\"inLanguage\":\"en-US\",\"potentialAction\":[{\"@type\":\"ReadAction\",\"target\":[\"https:\/\/logitechnorthcone.com\/navidadcolombia\/producto\/tarah-audifonos-deportivos-profesionales-jaybird\/\"]}]},{\"@type\":\"ImageObject\",\"inLanguage\":\"en-US\",\"@id\":\"https:\/\/logitechnorthcone.com\/navidadcolombia\/producto\/tarah-audifonos-deportivos-profesionales-jaybird\/#primaryimage\",\"url\":\"https:\/\/logitechnorthcone.com\/navidadcolombia\/wp-content\/uploads\/2020\/10\/tarah-audifonos.jpg\",\"contentUrl\":\"https:\/\/logitechnorthcone.com\/navidadcolombia\/wp-content\/uploads\/2020\/10\/tarah-audifonos.jpg\",\"width\":800,\"height\":800},{\"@type\":\"BreadcrumbList\",\"@id\":\"https:\/\/logitechnorthcone.com\/navidadcolombia\/producto\/tarah-audifonos-deportivos-profesionales-jaybird\/#breadcrumb\",\"itemListElement\":[{\"@type\":\"ListItem\",\"position\":1,\"name\":\"Portada\",\"item\":\"https:\/\/logitechnorthcone.com\/navidadcolombia\/\"},{\"@type\":\"ListItem\",\"position\":2,\"name\":\"Tienda\",\"item\":\"https:\/\/logitechnorthcone.com\/navidadcolombia\/tienda\/\"},{\"@type\":\"ListItem\",\"position\":3,\"name\":\"Tarah\"}]},{\"@type\":\"WebSite\",\"@id\":\"https:\/\/logitechnorthcone.com\/navidadcolombia\/#website\",\"url\":\"https:\/\/logitechnorthcone.com\/navidadcolombia\/\",\"name\":\"Guia De Regalos Tecno\",\"description\":\"Tecnolog\u00eda a tu alcance\",\"potentialAction\":[{\"@type\":\"SearchAction\",\"target\":{\"@type\":\"EntryPoint\",\"urlTemplate\":\"https:\/\/logitechnorthcone.com\/navidadcolombia\/?s={search_term_string}\"},\"query-input\":{\"@type\":\"PropertyValueSpecification\",\"valueRequired\":true,\"valueName\":\"search_term_string\"}}],\"inLanguage\":\"en-US\"}]}<\/script>\n<!-- \/ Yoast SEO plugin. -->","yoast_head_json":{"title":"Tarah - Guia De Regalos Tecno","robots":{"index":"index","follow":"follow","max-snippet":"max-snippet:-1","max-image-preview":"max-image-preview:large","max-video-preview":"max-video-preview:-1"},"canonical":"https:\/\/logitechnorthcone.com\/navidadcolombia\/producto\/tarah-audifonos-deportivos-profesionales-jaybird\/","og_locale":"en_US","og_type":"article","og_title":"Tarah - Guia De Regalos Tecno","og_description":"Jaybird es una marca que se ha ido ganando el coraz\u00f3n de los colombianos ya que es una marca para deportistas profesionales y brinda un sonido ideal. Los Tarah te permiten entrenar sin molestos cables que cuelguen. Cuentan con un \u00fanico cable que ir\u00e1 detr\u00e1s de tu cuello conectando un auricular con el otro y [&hellip;]","og_url":"https:\/\/logitechnorthcone.com\/navidadcolombia\/producto\/tarah-audifonos-deportivos-profesionales-jaybird\/","og_site_name":"Guia De Regalos Tecno","article_modified_time":"2021-12-04T14:34:08+00:00","og_image":[{"width":800,"height":800,"url":"https:\/\/logitechnorthcone.com\/navidadcolombia\/wp-content\/uploads\/2020\/10\/tarah-audifonos.jpg","type":"image\/jpeg"}],"twitter_card":"summary_large_image","schema":{"@context":"https:\/\/schema.org","@graph":[{"@type":"WebPage","@id":"https:\/\/logitechnorthcone.com\/navidadcolombia\/producto\/tarah-audifonos-deportivos-profesionales-jaybird\/","url":"https:\/\/logitechnorthcone.com\/navidadcolombia\/producto\/tarah-audifonos-deportivos-profesionales-jaybird\/","name":"Tarah - Guia De Regalos Tecno","isPartOf":{"@id":"https:\/\/logitechnorthcone.com\/navidadcolombia\/#website"},"primaryImageOfPage":{"@id":"https:\/\/logitechnorthcone.com\/navidadcolombia\/producto\/tarah-audifonos-deportivos-profesionales-jaybird\/#primaryimage"},"image":{"@id":"https:\/\/logitechnorthcone.com\/navidadcolombia\/producto\/tarah-audifonos-deportivos-profesionales-jaybird\/#primaryimage"},"thumbnailUrl":"https:\/\/logitechnorthcone.com\/navidadcolombia\/wp-content\/uploads\/2020\/10\/tarah-audifonos.jpg","datePublished":"2020-10-04T03:35:14+00:00","dateModified":"2021-12-04T14:34:08+00:00","breadcrumb":{"@id":"https:\/\/logitechnorthcone.com\/navidadcolombia\/producto\/tarah-audifonos-deportivos-profesionales-jaybird\/#breadcrumb"},"inLanguage":"en-US","potentialAction":[{"@type":"ReadAction","target":["https:\/\/logitechnorthcone.com\/navidadcolombia\/producto\/tarah-audifonos-deportivos-profesionales-jaybird\/"]}]},{"@type":"ImageObject","inLanguage":"en-US","@id":"https:\/\/logitechnorthcone.com\/navidadcolombia\/producto\/tarah-audifonos-deportivos-profesionales-jaybird\/#primaryimage","url":"https:\/\/logitechnorthcone.com\/navidadcolombia\/wp-content\/uploads\/2020\/10\/tarah-audifonos.jpg","contentUrl":"https:\/\/logitechnorthcone.com\/navidadcolombia\/wp-content\/uploads\/2020\/10\/tarah-audifonos.jpg","width":800,"height":800},{"@type":"BreadcrumbList","@id":"https:\/\/logitechnorthcone.com\/navidadcolombia\/producto\/tarah-audifonos-deportivos-profesionales-jaybird\/#breadcrumb","itemListElement":[{"@type":"ListItem","position":1,"name":"Portada","item":"https:\/\/logitechnorthcone.com\/navidadcolombia\/"},{"@type":"ListItem","position":2,"name":"Tienda","item":"https:\/\/logitechnorthcone.com\/navidadcolombia\/tienda\/"},{"@type":"ListItem","position":3,"name":"Tarah"}]},{"@type":"WebSite","@id":"https:\/\/logitechnorthcone.com\/navidadcolombia\/#website","url":"https:\/\/logitechnorthcone.com\/navidadcolombia\/","name":"Guia De Regalos Tecno","description":"Tecnolog\u00eda a tu alcance","potentialAction":[{"@type":"SearchAction","target":{"@type":"EntryPoint","urlTemplate":"https:\/\/logitechnorthcone.com\/navidadcolombia\/?s={search_term_string}"},"query-input":{"@type":"PropertyValueSpecification","valueRequired":true,"valueName":"search_term_string"}}],"inLanguage":"en-US"}]}},"_links":{"self":[{"href":"https:\/\/logitechnorthcone.com\/navidadcolombia\/wp-json\/wp\/v2\/product\/84","targetHints":{"allow":["GET"]}}],"collection":[{"href":"https:\/\/logitechnorthcone.com\/navidadcolombia\/wp-json\/wp\/v2\/product"}],"about":[{"href":"https:\/\/logitechnorthcone.com\/navidadcolombia\/wp-json\/wp\/v2\/types\/product"}],"replies":[{"embeddable":true,"href":"https:\/\/logitechnorthcone.com\/navidadcolombia\/wp-json\/wp\/v2\/comments?post=84"}],"wp:featuredmedia":[{"embeddable":true,"href":"https:\/\/logitechnorthcone.com\/navidadcolombia\/wp-json\/wp\/v2\/media\/655"}],"wp:attachment":[{"href":"https:\/\/logitechnorthcone.com\/navidadcolombia\/wp-json\/wp\/v2\/media?parent=84"}],"wp:term":[{"taxonomy":"product_brand","embeddable":true,"href":"https:\/\/logitechnorthcone.com\/navidadcolombia\/wp-json\/wp\/v2\/product_brand?post=84"},{"taxonomy":"product_cat","embeddable":true,"href":"https:\/\/logitechnorthcone.com\/navidadcolombia\/wp-json\/wp\/v2\/product_cat?post=84"},{"taxonomy":"product_tag","embeddable":true,"href":"https:\/\/logitechnorthcone.com\/navidadcolombia\/wp-json\/wp\/v2\/product_tag?post=84"}],"curies":[{"name":"wp","href":"https:\/\/api.w.org\/{rel}","templated":true}]}}