{"id":863,"date":"2023-05-04T19:15:56","date_gmt":"2023-05-04T19:15:56","guid":{"rendered":"https:\/\/logitechnorthcone.com\/join-wireless-movement\/?page_id=863"},"modified":"2023-08-02T14:59:05","modified_gmt":"2023-08-02T14:59:05","slug":"bases-y-condiciones-de-la-promocion","status":"publish","type":"page","link":"https:\/\/logitechnorthcone.com\/join-wireless-movement\/bases-y-condiciones-de-la-promocion\/","title":{"rendered":"Bases y condiciones de la promoci\u00f3n"},"content":{"rendered":"<p>[et_pb_section fb_built=\u00bb1&#8243; _builder_version=\u00bb4.20.4&#8243; _module_preset=\u00bbdefault\u00bb global_colors_info=\u00bb{}\u00bb][et_pb_row _builder_version=\u00bb4.20.4&#8243; _module_preset=\u00bbdefault\u00bb global_colors_info=\u00bb{}\u00bb][et_pb_column type=\u00bb4_4&#8243; _builder_version=\u00bb4.20.4&#8243; _module_preset=\u00bbdefault\u00bb global_colors_info=\u00bb{}\u00bb][et_pb_text _builder_version=\u00bb4.21.0&#8243; _module_preset=\u00bbdefault\u00bb text_font=\u00bbbrown-light||||||||\u00bb text_font_size=\u00bb16px\u00bb header_font=\u00bbbrown-pro-bold||||||||\u00bb header_2_font=\u00bbbrown-pro-bold||||||||\u00bb global_colors_info=\u00bb{}\u00bb]<\/p>\n<h1><span style=\"font-weight: 400;\">BASES Y CONDICIONES DE LA PROMOCI\u00d3N<\/span><\/h1>\n<p><span style=\"font-weight: 400;\"><\/span><\/p>\n<h2><strong>\u201c\u00daNETE AL MOVIMIENTO WIRELESS\u201d<\/strong><\/h2>\n<p><span style=\"font-weight: 400;\">01 de mayo de 2023<\/span><\/p>\n<p><span style=\"font-weight: 400;\">La empresa Logitech Argentina S.R.L. (CUIT 30712343784) con domicilio fiscal en Av. Leandro N. Alem 882, piso 13\u00b0, de la Ciudad Aut\u00f3noma de Buenos Aires (en adelante el \u201cOrganizador\u201d o \u201cLogitech\u201d) ha organizado una promoci\u00f3n titulada \u201c\u00daNETE AL MOVIMIENTO WIRELESS\u201d (en adelante la \u201cPromoci\u00f3n\u201d) que se regir\u00e1 por las siguientes bases y condiciones (en adelante las \u201cBases\u201d)<\/span><\/p>\n<p>&nbsp;<\/p>\n<p><span style=\"font-weight: 400;\"><strong>PARTICIPANTES<\/strong>: Pueden participar de la Promoci\u00f3n las personas f\u00edsicas mayores de 18 a\u00f1os con domicilio real en Argentina, Chile, Costa Rica, Colombia, Ecuador y Per\u00fa en la medida en que cumplan con las condiciones estipuladas en las presentes Bases. Para el caso que el participante sea una persona jur\u00eddica, deber\u00e1 tener su domicilio social en Argentina, Chile, Costa Rica, Colombia, Ecuador y Per\u00fa y ser\u00e1 el representante legal quien se encuentre habilitado para participar en esta Promoci\u00f3n.<\/span><\/p>\n<p>&nbsp;<\/p>\n<p><span style=\"font-weight: 400;\"><strong>EXCLUSIONES<\/strong>: Quedan excluidos de participar todas aquellas personas f\u00edsicas y\/o jur\u00eddicas que posean alg\u00fan tipo de relaci\u00f3n jur\u00eddica con Logitech, entre las que se destacan las siguientes: empresas vinculadas societariamente a Logitech, sus agencias de publicidad y promoci\u00f3n, y dem\u00e1s empresas contratadas y\/o vinculadas con la Promoci\u00f3n. Esta enunciaci\u00f3n no reviste el car\u00e1cter de taxativa.<\/span><\/p>\n<p>&nbsp;<\/p>\n<p><span style=\"font-weight: 400;\"><strong>VIGENCIA:<\/strong> La Promoci\u00f3n tendr\u00e1 vigencia desde el d\u00eda 01\/05\/2023, a las 00:00 horas hasta el d\u00eda 30\/06\/2023, hasta las 23:59 horas. Podr\u00e1n participar registros posteriores a la fecha (hasta el 15\/07\/2023) pero de compras realizadas durante la fecha de vigencia de la promoci\u00f3n (01\/05\/2023 al 30\/06\/2023).<\/span><\/p>\n<p>&nbsp;<\/p>\n<p><span style=\"font-weight: 400;\"><strong>C\u00d3MO PARTICIPAR:<\/strong> Las personas interesadas en participar de la Promoci\u00f3n que cumplan con las condiciones del apartado \u201cPARTICIPANTES\u201d y \u201cEXCLUSIONES\u201d, deber\u00e1n ingresar en\u00a0<\/span><\/p>\n<p><span style=\"font-weight: 400;\"><a href=\"https:\/\/logitechnorthcone.com\/join-wireless-movement\/peru\/\">https:\/\/logitechnorthcone.com\/join-wireless-movement\/peru\/<\/a><\/span><\/p>\n<p><span style=\"font-weight: 400;\"><a href=\"https:\/\/logitechnorthcone.com\/join-wireless-movement\/argentina\/\">https:\/\/logitechnorthcone.com\/join-wireless-movement\/argentina\/<\/a><\/span><\/p>\n<p><span style=\"font-weight: 400;\"><a href=\"https:\/\/logitechnorthcone.com\/join-wireless-movement\/ecuador\/\">https:\/\/logitechnorthcone.com\/join-wireless-movement\/ecuador\/<\/a><\/span><\/p>\n<p><span style=\"font-weight: 400;\"><a href=\"https:\/\/logitechnorthcone.com\/join-wireless-movement\/costarica\/\">https:\/\/logitechnorthcone.com\/join-wireless-movement\/costarica\/<\/a><\/span><\/p>\n<p><span style=\"font-weight: 400;\"><a href=\"https:\/\/logitechnorthcone.com\/join-wireless-movement\/colombia\/\">https:\/\/logitechnorthcone.com\/join-wireless-movement\/colombia\/<\/a><\/span><\/p>\n<p><span style=\"font-weight: 400;\"><a href=\"https:\/\/logitechnorthcone.com\/join-wireless-movement\/chile\/\">https:\/\/logitechnorthcone.com\/join-wireless-movement\/chile\/<\/a><\/span><\/p>\n<p><span style=\"font-weight: 400;\"><br \/>Completar los datos requeridos en el formulario y adjuntar la factura o ticket de compra (Formato JPG, PNG, GIF o BMP &#8211; Tama\u00f1o m\u00e1ximo de archivo 2MB) del producto Logitech adquirido durante los d\u00edas del (01\/05\/2023 al 30\/06\/2023).<\/span><\/p>\n<p>&nbsp;<\/p>\n<p><span style=\"font-weight: 400;\">Los productos que participan de la Promoci\u00f3n son los que se encuentran cargados en la landing page de: <\/span><\/p>\n<p><span style=\"font-weight: 400;\"><a href=\"https:\/\/logitechnorthcone.com\/join-wireless-movement\/peru\/\">https:\/\/logitechnorthcone.com\/join-wireless-movement\/peru\/<\/a><\/span><\/p>\n<p><span style=\"font-weight: 400;\"><a href=\"https:\/\/logitechnorthcone.com\/join-wireless-movement\/argentina\/\">https:\/\/logitechnorthcone.com\/join-wireless-movement\/argentina\/<\/a><\/span><\/p>\n<p><span style=\"font-weight: 400;\"><a href=\"https:\/\/logitechnorthcone.com\/join-wireless-movement\/ecuador\/\">https:\/\/logitechnorthcone.com\/join-wireless-movement\/ecuador\/<\/a><\/span><\/p>\n<p><span style=\"font-weight: 400;\"><a href=\"https:\/\/logitechnorthcone.com\/join-wireless-movement\/costarica\/\">https:\/\/logitechnorthcone.com\/join-wireless-movement\/costarica\/<\/a><\/span><\/p>\n<p><span style=\"font-weight: 400;\"><a href=\"https:\/\/logitechnorthcone.com\/join-wireless-movement\/colombia\/\">https:\/\/logitechnorthcone.com\/join-wireless-movement\/colombia\/<\/a><\/span><\/p>\n<p><span style=\"font-weight: 400;\"><a href=\"https:\/\/logitechnorthcone.com\/join-wireless-movement\/chile\/\">https:\/\/logitechnorthcone.com\/join-wireless-movement\/chile\/<\/a><\/span><\/p>\n<p><span style=\"font-weight: 400;\"><\/span><\/p>\n<p><span style=\"font-weight: 400;\">El env\u00edo del formulario completo implica el conocimiento y aceptaci\u00f3n expresa de las disposiciones expuestas en las Bases.<\/span><\/p>\n<p><span style=\"font-weight: 400;\">El costo del acceso a internet y\/o de los materiales y\/o insumos y\/o herramientas necesarias para participar de la Promoci\u00f3n correr\u00e1 a cargo exclusivo de los Participantes, no asumiendo el Organizador ninguna responsabilidad de ninguna \u00edndole ni por ning\u00fan concepto.<\/span><\/p>\n<p><span style=\"font-weight: 400;\">SORTEOS: Aquellas personas que hayan enviado el formulario indicado, participar\u00e1n de un sorteo que tendr\u00e1 lugar los d\u00edas 08\/06\/2023 y 19\/07\/2023 a las 12 horas. El Organizador o la agencia que esta designe, publicar\u00e1 el ganador en la landing:<\/span><\/p>\n<p><span style=\"font-weight: 400;\"><a href=\"https:\/\/logitechnorthcone.com\/join-wireless-movement\/peru\/\">https:\/\/logitechnorthcone.com\/join-wireless-movement\/peru\/<\/a><\/span><\/p>\n<p><span style=\"font-weight: 400;\"><a href=\"https:\/\/logitechnorthcone.com\/join-wireless-movement\/argentina\/\">https:\/\/logitechnorthcone.com\/join-wireless-movement\/argentina\/<\/a><\/span><\/p>\n<p><span style=\"font-weight: 400;\"><a href=\"https:\/\/logitechnorthcone.com\/join-wireless-movement\/ecuador\/\">https:\/\/logitechnorthcone.com\/join-wireless-movement\/ecuador\/<\/a><\/span><\/p>\n<p><span style=\"font-weight: 400;\"><a href=\"https:\/\/logitechnorthcone.com\/join-wireless-movement\/costarica\/\">https:\/\/logitechnorthcone.com\/join-wireless-movement\/costarica\/<\/a><\/span><\/p>\n<p><span style=\"font-weight: 400;\"><a href=\"https:\/\/logitechnorthcone.com\/join-wireless-movement\/colombia\/\">https:\/\/logitechnorthcone.com\/join-wireless-movement\/colombia\/<\/a><\/span><\/p>\n<p><span style=\"font-weight: 400;\"><a href=\"https:\/\/logitechnorthcone.com\/join-wireless-movement\/chile\/\">https:\/\/logitechnorthcone.com\/join-wireless-movement\/chile\/<\/a><\/span><\/p>\n<p>&nbsp;<\/p>\n<p><span style=\"font-weight: 400;\"><\/span><span style=\"font-weight: 400;\">El sorteo se realizar\u00e1 a trav\u00e9s de la plataforma https:\/\/app-sorteos.com\/en\/app.<\/span><\/p>\n<p><span style=\"font-weight: 400;\"><strong>NOTIFICACI\u00d3N<\/strong>: Logitech o la agencia que \u00e9sta designe, notificar\u00e1 al ganador al mail y\/o tel\u00e9fono informado en el formulario de inscripci\u00f3n. Recibida la notificaci\u00f3n, el ganador deber\u00e1 responder dentro de un per\u00edodo m\u00e1ximo de 72 horas corridos contados desde la notificaci\u00f3n. De no recibirse una respuesta dentro del plazo estipulado, el premio se considerar\u00e1 no entregado y se perder\u00e1, y Logitech, llevar\u00e1 adelante un nuevo sorteo, dentro del plazo de 48 horas posteriores al plazo estipulado anteriormente, conforme las pautas establecidas en la presente Promoci\u00f3n.<\/span><\/p>\n<p>&nbsp;<\/p>\n<p><span style=\"font-weight: 400;\"><strong>PREMIOS:<\/strong> El Sorteo contar\u00e1 con 24 ganadores diferentes quienes recibir\u00e1n:\u00a0<\/span><\/p>\n<p><span style=\"font-weight: 400;\">Primera opci\u00f3n de premio en Argentina: (1) mouse G502 X PLUS, (1) aud\u00edfono Astro A30 y segunda opci\u00f3n de premio: (1) mouse G502 X PLUS, (1) aud\u00edfono Astro A30 (en adelante los \u201cPremios\u201d).<\/span><\/p>\n<p><span style=\"font-weight: 400;\">Primera opci\u00f3n de premio en Chile: (1) mouse G502X PLUS, (1) aud\u00edfono G733, (1) mouse pad G440 (1) Teclado G915 TKL y segunda opci\u00f3n de premio: (1) mouse G502X PLUS, (1) aud\u00edfono G733, (1) mouse pad G440 (1) Teclado G915 TKL (en adelante los \u201cPremios\u201d).<\/span><\/p>\n<p><span style=\"font-weight: 400;\">Primera opci\u00f3n de premio en Colombia: (1) mouse G502 KDA, (1) aud\u00edfono G733 KDA, (1) teclado G PRO KDA, (1) mouse pad G840 KDA y segunda opci\u00f3n de premio: (1) aud\u00edfono G435, (1) mouse G305, (1) teclado G613 (en adelante los \u201cPremios\u201d).<\/span><\/p>\n<p><span style=\"font-weight: 400;\">Primera opci\u00f3n de premio en Costa Rica: (1) aud\u00edfono G435, (1) mouse G305, (1) teclado G413 y segunda opci\u00f3n de premio: (1) aud\u00edfono G733, (1) mouse G502, (1) teclado G815 (en adelante los \u201cPremios\u201d).<\/span><\/p>\n<p><span style=\"font-weight: 400;\">Primera opci\u00f3n de premio en Ecuador: (1) aud\u00edfonos G733, (1) mouse G305, (1) teclado G915 y segunda opci\u00f3n de premio: (1) aud\u00edfono G435, (1) mouse G502, (1) teclado G915 (en adelante los \u201cPremios\u201d).<\/span><\/p>\n<p><span style=\"font-weight: 400;\">Primera opci\u00f3n de premio en Peru: (1) aud\u00edfono G733, (1) teclado G915 TKL, (1) mouse G502 X Hero y segunda opci\u00f3n de premio: (1) combo mouse y teclado G435 \u2013 G305, (1) aud\u00edfono PRO X Wireless (en adelante los \u201cPremios\u201d).<\/span><\/p>\n<p><span style=\"font-weight: 400;\">La imagen de los productos publicada en la comunicaci\u00f3n es a modo ilustrativo, el modelo puede no ser el mismo al momento de la entrega.<\/span><\/p>\n<p><span style=\"font-weight: 400;\">Los Premios no son transferibles ni reembolsables, deben aceptarse como otorgados y no pueden revenderse para obtener ganancias. No se ofrecer\u00e1 ning\u00fan producto o premio equivalente en efectivo o alternativo. En todos los casos, ante un supuesto de fuerza mayor por el cual no se pueda disponer del Premio, el Organizador cumplir\u00e1 entregando otro premio igual caracter\u00edsticas y calidad, no pudiendo el ganador reclamar indemnizaci\u00f3n alguna por tal concepto. El Premio no incluye ninguna otra prestaci\u00f3n, bien o servicio distinto de los indicados en estas Bases, siendo su asignaci\u00f3n intransferible. No podr\u00e1 requerirse su canje por otros bienes o servicios. Para el caso que el premio sea gravado por impuestos, contribuciones, tributos, seguros, tasas, que surgieran con motivo y\/u ocasi\u00f3n de la participaci\u00f3n en la Promoci\u00f3n y\/o la recepci\u00f3n, uso y\/o disfrute del Premio, el pago de los mismos correr\u00e1 por cuenta de los ganadores pudiendo el Organizador deducir de los premios el importe correspondiente o bien condicionar la entrega de los premios a la acreditaci\u00f3n por parte de los ganadores del pago de los referidos conceptos. Si el Premio no resultara asignado, quedar\u00e1 en poder del Organizador quien le dar\u00e1 el destino que estime pertinente.<\/span><\/p>\n<p><span style=\"font-weight: 400;\"><strong>ENTREGA<\/strong>: Los Premios se otorgar\u00e1n dentro de los 60 (sesenta) d\u00edas corridos posteriores a la verificaci\u00f3n del ganador. Los premios ser\u00e1n entregados en la ciudad de Lima en las oficinas de la empresa. El Premio no puede enviarse a apartados postales. El ganador puede ser obligado a firmar y devolver una Declaraci\u00f3n jurada de elegibilidad, exenci\u00f3n de responsabilidad y divulgaci\u00f3n de publicidad.<\/span><\/p>\n<p>&nbsp;<\/p>\n<p><span style=\"font-weight: 400;\">MODIFICACIONES DE LAS BASES: El Organizador se reserva el derecho de cancelar, ampliar y\/o modificar la Promoci\u00f3n total y\/o parcialmente, o extenderlo en el tiempo y en el Territorio, modificar las Bases, incrementando o disminuyendo la cantidad de Productos (conforme su individualizaci\u00f3n), a su exclusivo criterio y decisi\u00f3n. Todas las modificaciones, ampliaciones, disminuciones, cancelaciones, y\/o decisiones del Organizador no generar\u00e1n responsabilidad alguna para el Organizador.<\/span><\/p>\n<p><strong>\u00a0<\/strong><span style=\"font-weight: 400;\"><strong>PUBLICACI\u00d3N PUBLICITARIA:<\/strong> Excepto donde lo proh\u00edba la ley, la aceptaci\u00f3n del Premio constituir\u00e1 el acuerdo del ganador con Logitech para usar su nombre, direcci\u00f3n, voz, imagen e informaci\u00f3n del Premio con fines promocionales sin m\u00e1s pago o compensaci\u00f3n alguna.<\/span><\/p>\n<p>&nbsp;<\/p>\n<p><span style=\"font-weight: 400;\"><strong>PRIVACIDAD; RECOPILACI\u00d3N DE DATOS<\/strong>: La informaci\u00f3n proporcionada por usted para esta Promoci\u00f3n est\u00e1 sujeta a la pol\u00edtica de privacidad de Logitech ubicada en https:\/\/www.logitech.com\/es-roam\/legal\/web-privacy-policy.html.<\/span><\/p>\n<p><strong>\u00a0DISPOSICIONES GENERALES<\/strong><\/p>\n<ol>\n<li><span style=\"font-weight: 400;\">a) Logitech no es responsable de solicitudes o correos electr\u00f3nicos incompletos, perdidos, tard\u00edos, retrasados o confusos, la captura incorrecta o inexacta de la informaci\u00f3n de entrada, incluidos, entre otros, fallas t\u00e9cnicas, errores humanos o t\u00e9cnicos, omisi\u00f3n, interrupci\u00f3n, eliminaci\u00f3n, defecto o fallas de cualquier l\u00ednea o red telef\u00f3nica o inform\u00e1tica, equipo inform\u00e1tico, o cualquier combinaci\u00f3n de los mismos.<\/span><\/li>\n<li><span style=\"font-weight: 400;\">b) Logitech no se responsabiliza por las alteraciones, modificaciones, cortes, interrupciones, que pudieran afectar el servicio de internet y\/o la disponibilidad y acceso al Sitio, ni por los da\u00f1os y perjuicios de cualquier naturaleza que puedan deberse a la falta de disponibilidad o de continuidad del funcionamiento de dicho servicio. El Organizador no es responsable por las acciones de terceros que de cualquier modo pudieran interceptar, eliminar, alterar, modificar y\/o manipular de cualquier modo la aplicaci\u00f3n de la Promoci\u00f3n.<\/span><\/li>\n<li><span style=\"font-weight: 400;\">c) El incumplimiento de alguna de las condiciones rese\u00f1adas o la no presentaci\u00f3n para la recepci\u00f3n en el horario y fecha establecidos, har\u00e1 perder al ganador todo derecho al Premio sin que pueda por ello reclamar nada al Organizador. La responsabilidad del Organizador finaliza con la puesta a disposici\u00f3n del Premio a favor del ganador.<\/span><\/li>\n<li><span style=\"font-weight: 400;\">d) Logitech se reserva el derecho de admisi\u00f3n, participaci\u00f3n y permanencia de los Participantes, quedando el Organizador facultado, para a su exclusivo criterio, anular, descalificar y\/o eliminar a los ganadores, sin que ello genere responsabilidad alguna para el Organizador.<\/span><\/li>\n<li><span style=\"font-weight: 400;\">e) A los efectos de la presente Promoci\u00f3n, el Organizador y los Participantes se someten a la jurisdicci\u00f3n de los Tribunales Ordinarios con asiento en la Ciudad Aut\u00f3noma de Buenos Aires, con renuncia expresa a cualquier otro fuero y\/o jurisdicci\u00f3n.<\/span><\/li>\n<\/ol>\n<p>[\/et_pb_text][et_pb_text admin_label=\u00bbganadores\u00bb module_id=\u00bbganadores\u00bb _builder_version=\u00bb4.21.0&#8243; _module_preset=\u00bbdefault\u00bb text_font=\u00bbbrown-light||||||||\u00bb text_font_size=\u00bb16px\u00bb header_font=\u00bbbrown-pro-bold||||||||\u00bb header_2_font=\u00bbbrown-pro-bold||||||||\u00bb hover_enabled=\u00bb0&#8243; global_colors_info=\u00bb{}\u00bb sticky_enabled=\u00bb0&#8243;]<\/p>\n<p><strong>LISTA DE GANADORES MES DE MAYO 2023<\/strong><span style=\"font-weight: 400;\"><\/span><\/p>\n<p>Argentina<br \/>Nombre: Diego Javier Alegre<br \/>Fecha Compra: 30\/05<\/p>\n<p>Colombia:<br \/>Nombre: Miguel Angel Peralta Cano<br \/>Fecha compra: 17\/05<\/p>\n<p>Costa Rica:<br \/>Nombre: Sebastian Trejos<br \/>Fecha compra: 28\/05<\/p>\n<p>Chile:<br \/>Nombre: manuel orellana<br \/>Fecha compra: 30\/05<\/p>\n<p>Ecuador:<br \/>Nombre: Edwin Mora<br \/>Fecha compra: 29\/05<\/p>\n<p>[\/et_pb_text][et_pb_text admin_label=\u00bbganadores\u00bb module_id=\u00bbganadoresjunio\u00bb _builder_version=\u00bb4.21.0&#8243; _module_preset=\u00bbdefault\u00bb text_font=\u00bbbrown-light||||||||\u00bb text_font_size=\u00bb16px\u00bb header_font=\u00bbbrown-pro-bold||||||||\u00bb header_2_font=\u00bbbrown-pro-bold||||||||\u00bb hover_enabled=\u00bb0&#8243; global_colors_info=\u00bb{}\u00bb sticky_enabled=\u00bb0&#8243;]<\/p>\n<p><strong>LISTA DE GANADORES MES DE JUNIO 2023<\/strong><span style=\"font-weight: 400;\"><\/span><\/p>\n<p>Argentina<br \/>Nombre: Sosa Mauro Ezequiel<br \/>Fecha Compra: 16\/06<\/p>\n<p>Colombia<br \/>Nombre: Laura Bustos<br \/>Fecha Compra: 14\/06<\/p>\n<p>Costa Rica<br \/>Nombre: Kevin Garita<br \/>Fecha Compra: 10\/06<\/p>\n<p>Chile<br \/>Nombre: Luis Pavez<br \/>Fecha Compra: 02\/06<\/p>\n<p>Per\u00fa<br \/>Nombre: Alexander Joaquin Ar\u00e1mbulo Jes\u00fas<br \/>Fecha Compra: 23\/06<\/p>\n<p>Ecuador<br \/>Nombre: Julio Araujo<br \/>Fecha compra: 14\/06<\/p>\n<p>[\/et_pb_text][\/et_pb_column][\/et_pb_row][\/et_pb_section]<\/p>\n","protected":false},"excerpt":{"rendered":"<p>BASES Y CONDICIONES DE LA PROMOCI\u00d3N \u201c\u00daNETE AL MOVIMIENTO WIRELESS\u201d 01 de mayo de 2023 La empresa Logitech Argentina S.R.L. (CUIT 30712343784) con domicilio fiscal en Av. Leandro N. Alem 882, piso 13\u00b0, de la Ciudad Aut\u00f3noma de Buenos Aires (en adelante el \u201cOrganizador\u201d o \u201cLogitech\u201d) ha organizado una promoci\u00f3n titulada \u201c\u00daNETE AL MOVIMIENTO WIRELESS\u201d (en adelante la \u201cPromoci\u00f3n\u201d) que se regir\u00e1 por las siguientes bases y condiciones (en adelante las \u201cBases\u201d) &nbsp; PARTICIPANTES: Pueden participar de la Promoci\u00f3n las personas f\u00edsicas mayores de 18 a\u00f1os con domicilio real en Argentina, Chile, Costa Rica, Colombia, Ecuador y Per\u00fa en la medida en que cumplan con las condiciones estipuladas en las presentes Bases. Para el caso que el participante sea una persona jur\u00eddica, deber\u00e1 tener su domicilio social en Argentina, Chile, Costa Rica, Colombia, Ecuador y Per\u00fa y ser\u00e1 el representante legal quien se encuentre habilitado para participar en esta Promoci\u00f3n. &nbsp; EXCLUSIONES: Quedan excluidos de participar todas aquellas personas f\u00edsicas y\/o jur\u00eddicas que posean alg\u00fan tipo de relaci\u00f3n jur\u00eddica con Logitech, entre las que se destacan las siguientes: empresas vinculadas societariamente a Logitech, sus agencias de publicidad y promoci\u00f3n, y dem\u00e1s empresas contratadas y\/o vinculadas con la Promoci\u00f3n. Esta enunciaci\u00f3n [&hellip;]<\/p>\n","protected":false},"author":3,"featured_media":0,"parent":0,"menu_order":0,"comment_status":"closed","ping_status":"closed","template":"","meta":{"_et_pb_use_builder":"on","_et_pb_old_content":"","_et_gb_content_width":"","footnotes":""},"class_list":["post-863","page","type-page","status-publish","hentry"],"_links":{"self":[{"href":"https:\/\/logitechnorthcone.com\/join-wireless-movement\/wp-json\/wp\/v2\/pages\/863","targetHints":{"allow":["GET"]}}],"collection":[{"href":"https:\/\/logitechnorthcone.com\/join-wireless-movement\/wp-json\/wp\/v2\/pages"}],"about":[{"href":"https:\/\/logitechnorthcone.com\/join-wireless-movement\/wp-json\/wp\/v2\/types\/page"}],"author":[{"embeddable":true,"href":"https:\/\/logitechnorthcone.com\/join-wireless-movement\/wp-json\/wp\/v2\/users\/3"}],"replies":[{"embeddable":true,"href":"https:\/\/logitechnorthcone.com\/join-wireless-movement\/wp-json\/wp\/v2\/comments?post=863"}],"version-history":[{"count":22,"href":"https:\/\/logitechnorthcone.com\/join-wireless-movement\/wp-json\/wp\/v2\/pages\/863\/revisions"}],"predecessor-version":[{"id":1024,"href":"https:\/\/logitechnorthcone.com\/join-wireless-movement\/wp-json\/wp\/v2\/pages\/863\/revisions\/1024"}],"wp:attachment":[{"href":"https:\/\/logitechnorthcone.com\/join-wireless-movement\/wp-json\/wp\/v2\/media?parent=863"}],"curies":[{"name":"wp","href":"https:\/\/api.w.org\/{rel}","templated":true}]}}