{"id":131,"date":"2021-11-23T20:42:53","date_gmt":"2021-11-23T20:42:53","guid":{"rendered":"https:\/\/logitechnorthcone.com\/g435\/?page_id=131"},"modified":"2021-11-23T20:51:49","modified_gmt":"2021-11-23T20:51:49","slug":"politicas-de-privacidad","status":"publish","type":"page","link":"https:\/\/logitechnorthcone.com\/g435\/politicas-de-privacidad\/","title":{"rendered":"POL\u00cdTICAS DE PRIVACIDAD"},"content":{"rendered":"\n[et_pb_section fb_built=&#8221;1&#8243; theme_builder_area=&#8221;post_content&#8221; _builder_version=&#8221;4.13.0&#8243; _module_preset=&#8221;default&#8221;][et_pb_row _builder_version=&#8221;4.13.0&#8243; _module_preset=&#8221;default&#8221; theme_builder_area=&#8221;post_content&#8221;][et_pb_column _builder_version=&#8221;4.13.0&#8243; _module_preset=&#8221;default&#8221; type=&#8221;4_4&#8243; theme_builder_area=&#8221;post_content&#8221;][et_pb_text _builder_version=&#8221;4.13.0&#8243; _module_preset=&#8221;default&#8221; theme_builder_area=&#8221;post_content&#8221; hover_enabled=&#8221;0&#8243; sticky_enabled=&#8221;0&#8243;]<h1><b>POL\u00cdTICAS DE PRIVACIDAD<\/b><\/h1>[\/et_pb_text][\/et_pb_column][\/et_pb_row][et_pb_row _builder_version=&#8221;4.13.0&#8243; _module_preset=&#8221;default&#8221; theme_builder_area=&#8221;post_content&#8221; hover_enabled=&#8221;0&#8243; sticky_enabled=&#8221;0&#8243;][et_pb_column _builder_version=&#8221;4.13.0&#8243; _module_preset=&#8221;default&#8221; type=&#8221;4_4&#8243; theme_builder_area=&#8221;post_content&#8221;][et_pb_text _builder_version=&#8221;4.13.0&#8243; _module_preset=&#8221;default&#8221; theme_builder_area=&#8221;post_content&#8221; hover_enabled=&#8221;0&#8243; sticky_enabled=&#8221;0&#8243; text_font_size=&#8221;20px&#8221; text_line_height=&#8221;1.4em&#8221;]<div>Logitech se compromete a proteger la\u00a0<span>privacidad<\/span>\u00a0<span>de<\/span>\u00a0los usuarios que acceden a la presente web cuya p\u00e1gina principal se encuentra en la URL\u00a0<a href=\"https:\/\/logitechnorthcone.com\/g435\/\" target=\"_blank\" data-saferedirecturl=\"https:\/\/www.google.com\/url?q=https:\/\/logitechnorthcone.com\/g435\/&amp;source=gmail&amp;ust=1637785895429000&amp;usg=AOvVaw0dF-Q3AsH-m5ejxZYQ3mur\" rel=\"noopener\">https:\/\/logitechnorthcone.<wbr \/>com\/g435\/ <\/a>El usuario puede navegar y usar la web sin necesidad <span>de<\/span>\u00a0aportar ning\u00fan dato\u00a0<span>de<\/span>\u00a0car\u00e1cter personal. Los \u00fanicos datos personales a los que Logitech tendr\u00e1 acceso ser\u00e1n aqu\u00e9llos que el usuario facilite voluntariamente a trav\u00e9s\u00a0<span>de<\/span>\u00a0los formularios habilitados al efecto.<\/div>[\/et_pb_text][et_pb_text _builder_version=&#8221;4.13.0&#8243; _module_preset=&#8221;default&#8221; theme_builder_area=&#8221;post_content&#8221; hover_enabled=&#8221;0&#8243; sticky_enabled=&#8221;0&#8243; text_font_size=&#8221;20px&#8221; text_line_height=&#8221;1.4em&#8221;]<p>Este documento presenta la\u00a0<span>pol\u00edtica<\/span>\u00a0<span>de<\/span>\u00a0Logitech en el tratamiento\u00a0<span>de<\/span>\u00a0los datos personales recogidos a trav\u00e9s\u00a0<span>de<\/span>\u00a0la Web. La utilizaci\u00f3n\u00a0<span>de<\/span>\u00a0la Web implica la aceptaci\u00f3n por el usuario\u00a0<span>de<\/span> las disposiciones contenidas en la presente <span>Pol\u00edtica<\/span>\u00a0<span>de<\/span>\u00a0<span>Privacida<wbr \/>d<\/span>\u00a0y que sus datos personales sean tratados seg\u00fan se estipula en la misma. A pesar\u00a0<span>de<\/span>\u00a0que puedan existir enlaces en la Web a otras p\u00e1ginas web, esta\u00a0<span>Pol\u00edtica<\/span>\u00a0<span>de<\/span>\u00a0<span>Privacidad<\/span>\u00a0<wbr \/>aplica tan solo a la Web y no a las p\u00e1ginas web\u00a0<span>de<\/span>\u00a0otras compa\u00f1\u00edas, organizaciones u otros terceros a las que la Web est\u00e9 redirigida. Logitech no controla ni aprueba el contenido\u00a0<span>de<\/span>\u00a0las p\u00e1ginas web\u00a0<span>de<\/span>\u00a0terceros ni acepta cualquier responsabilidad por el contenido o las\u00a0<span>pol\u00edticas<\/span>\u00a0<span>de<\/span>\u00a0<span>privacidad<\/span>\u00a0<span>de<\/span><wbr \/>\u00a0dichas p\u00e1ginas web.<\/p>[\/et_pb_text][\/et_pb_column][\/et_pb_row][et_pb_row _builder_version=&#8221;4.13.0&#8243; _module_preset=&#8221;default&#8221; theme_builder_area=&#8221;post_content&#8221;][et_pb_column _builder_version=&#8221;4.13.0&#8243; _module_preset=&#8221;default&#8221; type=&#8221;4_4&#8243; theme_builder_area=&#8221;post_content&#8221;][et_pb_text _builder_version=&#8221;4.13.0&#8243; _module_preset=&#8221;default&#8221; theme_builder_area=&#8221;post_content&#8221; hover_enabled=&#8221;0&#8243; sticky_enabled=&#8221;0&#8243; text_font_size=&#8221;20px&#8221; text_line_height=&#8221;1.4em&#8221;]<h2>Responsable del tratamiento<\/h2>[\/et_pb_text][et_pb_text _builder_version=&#8221;4.13.0&#8243; _module_preset=&#8221;default&#8221; theme_builder_area=&#8221;post_content&#8221; hover_enabled=&#8221;0&#8243; sticky_enabled=&#8221;0&#8243; text_font_size=&#8221;20px&#8221; text_line_height=&#8221;1.4em&#8221;]<p><span>De<\/span><span>\u00a0conformidad con la normativa vigente, se informa al usuario\u00a0<\/span><span>de<\/span><span>\u00a0que los datos personales que se faciliten a trav\u00e9s\u00a0<\/span><span>de<\/span><span>\u00a0la presente Web, pasar\u00e1n a formar parte\u00a0<\/span><span>de<\/span><span>\u00a0una base\u00a0<\/span><span>de<\/span><span>\u00a0datos cuyo responsable es Logitech.<\/span><\/p>[\/et_pb_text][et_pb_text _builder_version=&#8221;4.13.0&#8243; _module_preset=&#8221;default&#8221; theme_builder_area=&#8221;post_content&#8221; hover_enabled=&#8221;0&#8243; sticky_enabled=&#8221;0&#8243; text_font_size=&#8221;20px&#8221; text_line_height=&#8221;1.4em&#8221;]<h2>Finalidades\n<\/h2>[\/et_pb_text][et_pb_text _builder_version=&#8221;4.13.0&#8243; _module_preset=&#8221;default&#8221; theme_builder_area=&#8221;post_content&#8221; hover_enabled=&#8221;0&#8243; sticky_enabled=&#8221;0&#8243; text_font_size=&#8221;20px&#8221; text_line_height=&#8221;1.4em&#8221;]<p><span>Los datos personales que el usuario facilite al llenar el formulario\u00a0<\/span><span>de<\/span><span>\u00a0registro ser\u00e1n utilizados para otorgarle acceso a informaci\u00f3n, recursos y contenidos reservados exclusivamente para clientes\u00a0<\/span><span>de<\/span><span> Logitech. <\/span><span>Asimismo, para controlar la participaci\u00f3n\u00a0<\/span><span>de<\/span><span>\u00a0los usuarios que comentan los diferentes posts publicados en la Web, se solicitar\u00e1n datos personales a trav\u00e9s\u00a0<\/span><span>de<\/span><span>\u00a0un formulario habilitado a tal efecto y los mismos se publicar\u00e1n en dicha secci\u00f3n\u00a0<\/span><span>de<\/span><span>\u00a0la Web junto con el comentario realizado.<\/span><\/p>[\/et_pb_text][et_pb_text _builder_version=&#8221;4.13.0&#8243; _module_preset=&#8221;default&#8221; theme_builder_area=&#8221;post_content&#8221; hover_enabled=&#8221;0&#8243; sticky_enabled=&#8221;0&#8243; text_font_size=&#8221;20px&#8221; text_line_height=&#8221;1.4em&#8221;]<p><span>Si el usuario ha consentido expresamente la recepci\u00f3n\u00a0<\/span><span>de<\/span><span>\u00a0Newsletters y\/o informaci\u00f3n sobre determinados productos, servicios y actividades, sus datos personales se utilizar\u00e1n para la gesti\u00f3n y el control del env\u00edo y recepci\u00f3n\u00a0<\/span><span>de<\/span><span> dicha informaci\u00f3n.<\/span><\/p>[\/et_pb_text][et_pb_text _builder_version=&#8221;4.13.0&#8243; _module_preset=&#8221;default&#8221; theme_builder_area=&#8221;post_content&#8221; hover_enabled=&#8221;0&#8243; sticky_enabled=&#8221;0&#8243; text_font_size=&#8221;20px&#8221; text_line_height=&#8221;1.4em&#8221;]<p><span>Si el usuario contacta con Logitech a trav\u00e9s\u00a0<\/span><span>de<\/span><span>\u00a0la Web o por correo electr\u00f3nico, sus datos personales se utilizar\u00e1n para darle respuesta a las solicitudes\u00a0<\/span><span>de<\/span><span> informaci\u00f3n y otras consultas que hubiera formulado. <\/span><span>Cualquier otra finalidad ser\u00e1 comunicada al usuario antes\u00a0<\/span><span>de<\/span><span>\u00a0proceder al tratamiento\u00a0<\/span><span>de<\/span><span>\u00a0sus datos<\/span><\/p>[\/et_pb_text][et_pb_text _builder_version=&#8221;4.13.0&#8243; _module_preset=&#8221;default&#8221; theme_builder_area=&#8221;post_content&#8221; hover_enabled=&#8221;0&#8243; sticky_enabled=&#8221;0&#8243; text_font_size=&#8221;20px&#8221; text_line_height=&#8221;1.4em&#8221;]<h2>Cesi\u00f3n a terceros\n<\/h2>[\/et_pb_text][et_pb_text _builder_version=&#8221;4.13.0&#8243; _module_preset=&#8221;default&#8221; theme_builder_area=&#8221;post_content&#8221; hover_enabled=&#8221;0&#8243; sticky_enabled=&#8221;0&#8243; text_font_size=&#8221;20px&#8221; text_line_height=&#8221;1.4em&#8221;]<div>Logitech no ceder\u00e1 los datos personales del usuario a terceros, excepto si (i) es acorde con los t\u00e9rminos y condiciones\u00a0<span>de<\/span>\u00a0la\u00a0<span>Pol\u00edtica<\/span>\u00a0<span>de<\/span>\u00a0<span><wbr \/>Privacidad<\/span>, (ii) el usuario consiente, en su caso, la cesi\u00f3n, o (iii) es necesario para cumplir con las obligaciones legales\u00a0<span>de<\/span>\u00a0Logitech.<\/div>[\/et_pb_text][et_pb_text _builder_version=&#8221;4.13.0&#8243; _module_preset=&#8221;default&#8221; theme_builder_area=&#8221;post_content&#8221; hover_enabled=&#8221;0&#8243; sticky_enabled=&#8221;0&#8243; text_font_size=&#8221;20px&#8221; text_line_height=&#8221;1.4em&#8221;]<div>Los datos del usuario ser\u00e1n tratados en todo caso con la m\u00e1s absoluta confidencialidad y cumpliendo con las medidas\u00a0<span>de<\/span>\u00a0seguridad aplicables.<\/div>[\/et_pb_text][et_pb_text _builder_version=&#8221;4.13.0&#8243; _module_preset=&#8221;default&#8221; theme_builder_area=&#8221;post_content&#8221; hover_enabled=&#8221;0&#8243; sticky_enabled=&#8221;0&#8243; text_font_size=&#8221;20px&#8221; text_line_height=&#8221;1.4em&#8221;]<h2>Medidas de seguridad\n<\/h2>[\/et_pb_text][et_pb_text _builder_version=&#8221;4.13.0&#8243; _module_preset=&#8221;default&#8221; theme_builder_area=&#8221;post_content&#8221; hover_enabled=&#8221;0&#8243; sticky_enabled=&#8221;0&#8243; text_font_size=&#8221;20px&#8221; text_line_height=&#8221;1.4em&#8221;]<p><span>Logitech informa al usuario\u00a0<\/span><span>de<\/span><span>\u00a0que ha adoptado y seguir\u00e1 aplicando las medidas t\u00e9cnicas y organizativas necesarias para mantener el nivel\u00a0<\/span><span>de<\/span><span>\u00a0seguridad requerido en atenci\u00f3n a los datos personales tratados y\u00a0<\/span><span>de<\/span><span>\u00a0que tiene asimismo implantados los mecanismos necesarios para evitar en la medida\u00a0<\/span><span>de<\/span><span>\u00a0lo posible los accesos no autorizados, sustracciones, modificaciones il\u00edcitas y p\u00e9rdida\u00a0<\/span><span>de<\/span><span>\u00a0datos.<\/span><\/p>[\/et_pb_text][et_pb_text _builder_version=&#8221;4.13.0&#8243; _module_preset=&#8221;default&#8221; theme_builder_area=&#8221;post_content&#8221; hover_enabled=&#8221;0&#8243; sticky_enabled=&#8221;0&#8243; text_font_size=&#8221;20px&#8221; text_line_height=&#8221;1.4em&#8221;]<h2>Confidencialidad\n<\/h2>[\/et_pb_text][et_pb_text _builder_version=&#8221;4.13.0&#8243; _module_preset=&#8221;default&#8221; theme_builder_area=&#8221;post_content&#8221; hover_enabled=&#8221;0&#8243; sticky_enabled=&#8221;0&#8243; text_font_size=&#8221;20px&#8221; text_line_height=&#8221;1.4em&#8221;]<div>En cumplimiento con la normativa vigente, Logitech se compromete al cumplimiento\u00a0<span>de<\/span>\u00a0su obligaci\u00f3n\u00a0<span>de<\/span>\u00a0secreto\u00a0<span>de<\/span>\u00a0los datos\u00a0<span>de<\/span>\u00a0car\u00e1cter personal que el usuario facilite en la Web y del deber\u00a0<span>de<\/span>\u00a0custodiarlos y almacenarlos\u00a0<span>de<\/span>\u00a0forma confidencial.<\/div>[\/et_pb_text][et_pb_text _builder_version=&#8221;4.13.0&#8243; _module_preset=&#8221;default&#8221; theme_builder_area=&#8221;post_content&#8221; hover_enabled=&#8221;0&#8243; sticky_enabled=&#8221;0&#8243; text_font_size=&#8221;20px&#8221; text_line_height=&#8221;1.4em&#8221;]<h2>Calidad de los datos\n<\/h2>[\/et_pb_text][et_pb_text _builder_version=&#8221;4.13.0&#8243; _module_preset=&#8221;default&#8221; theme_builder_area=&#8221;post_content&#8221; hover_enabled=&#8221;0&#8243; sticky_enabled=&#8221;0&#8243; text_font_size=&#8221;20px&#8221; text_line_height=&#8221;1.4em&#8221;]<div>Los datos proporcionados por el usuario deber\u00e1n ser propios, exactos y veraces. En todo caso, recae sobre el usuario la obligaci\u00f3n\u00a0<span>de<\/span>\u00a0comunicar a Logitech cualquier modificaci\u00f3n\u00a0<span>de<\/span>\u00a0sus datos a fin\u00a0<span>de<\/span>\u00a0que \u00e9sta pueda mantenerlos actualizados en todo momento. El usuario se compromete a no facilitar a Logitech datos personales\u00a0<span>de<\/span>\u00a0terceros.<\/div>[\/et_pb_text][et_pb_text _builder_version=&#8221;4.13.0&#8243; _module_preset=&#8221;default&#8221; theme_builder_area=&#8221;post_content&#8221; hover_enabled=&#8221;0&#8243; sticky_enabled=&#8221;0&#8243; text_font_size=&#8221;20px&#8221; text_line_height=&#8221;1.4em&#8221;]<h2>Derechos de los afectados\n<\/h2>[\/et_pb_text][et_pb_text _builder_version=&#8221;4.13.0&#8243; _module_preset=&#8221;default&#8221; theme_builder_area=&#8221;post_content&#8221; hover_enabled=&#8221;0&#8243; sticky_enabled=&#8221;0&#8243; text_font_size=&#8221;20px&#8221; text_line_height=&#8221;1.4em&#8221;]<p><span>En cualquier momento, el usuario podr\u00e1 ejercer los derechos\u00a0<\/span><span>de<\/span><span>\u00a0acceso, rectificaci\u00f3n, cancelaci\u00f3n y oposici\u00f3n al tratamiento\u00a0<\/span><span>de<\/span><span>\u00a0sus datos personales en los t\u00e9rminos establecidos en la legislaci\u00f3n vigente, dirigiendo una comunicaci\u00f3n por escrito a la direcci\u00f3n\u00a0<\/span><span>de<\/span><span>\u00a0correo electr\u00f3nico\u00a0<\/span><a href=\"mailto:moreinfo@logitech.com\" target=\"_blank\" rel=\"noopener\">moreinfo@logitech.<wbr \/>com<\/a><span>\u00a0acompa\u00f1ada\u00a0<\/span><span>de<\/span><span>\u00a0una fotocopia\u00a0<\/span><span>de<\/span><span>\u00a0su C\u00e9dula\u00a0<\/span><span>de<\/span><span> Ciudadan\u00eda e indicando el derecho que desea ejercer. En todo caso, Logitech \u00fanicamente tratar\u00e1 los datos facilitados por los usuarios durante el periodo\u00a0de\u00a0tiempo necesario para cumplir con las finalidades previstas. Salvo que la legislaci\u00f3n aplicable establezca lo contrario, los datos personales se conservar\u00e1n debidamente bloqueados una vez dejen\u00a0de\u00a0ser necesarios para las finalidades para las que se recogieron.<\/span><\/p>[\/et_pb_text][et_pb_text _builder_version=&#8221;4.13.0&#8243; _module_preset=&#8221;default&#8221; theme_builder_area=&#8221;post_content&#8221; hover_enabled=&#8221;0&#8243; sticky_enabled=&#8221;0&#8243; text_font_size=&#8221;20px&#8221; text_line_height=&#8221;1.4em&#8221;]<h2>Plugins sociales\n<\/h2>[\/et_pb_text][et_pb_text _builder_version=&#8221;4.13.0&#8243; _module_preset=&#8221;default&#8221; theme_builder_area=&#8221;post_content&#8221; hover_enabled=&#8221;0&#8243; sticky_enabled=&#8221;0&#8243; text_font_size=&#8221;20px&#8221; text_line_height=&#8221;1.4em&#8221;]<div>La Web utiliza plugins sociales\u00a0<span>de<\/span>\u00a0Facebook, Twitter, Linkedin y Youtube El usuario que desee conocer qu\u00e9 datos se recogen a trav\u00e9s\u00a0<span>de<\/span>\u00a0dichos plugins sociales y c\u00f3mo son tratados, debe visitar las respectivas\u00a0<span>pol\u00edticas<\/span>\u00a0<span>de<\/span>\u00a0<span>priva<wbr \/>cidad<\/span>.<\/div>[\/et_pb_text][et_pb_text _builder_version=&#8221;4.13.0&#8243; _module_preset=&#8221;default&#8221; theme_builder_area=&#8221;post_content&#8221; hover_enabled=&#8221;0&#8243; sticky_enabled=&#8221;0&#8243; text_font_size=&#8221;20px&#8221; text_line_height=&#8221;1.4em&#8221;]<h2>Actualizaci\u00f3n de la pol\u00edtica de privacidad\n<\/h2>[\/et_pb_text][et_pb_text _builder_version=&#8221;4.13.0&#8243; _module_preset=&#8221;default&#8221; theme_builder_area=&#8221;post_content&#8221; hover_enabled=&#8221;0&#8243; sticky_enabled=&#8221;0&#8243; text_font_size=&#8221;20px&#8221; text_line_height=&#8221;1.4em&#8221;]<p><span>Siempre que no se contravenga la legislaci\u00f3n aplicable\u00a0<\/span><span>de<\/span><span>\u00a0protecci\u00f3n\u00a0<\/span><span>de<\/span><span>\u00a0<\/span><wbr \/><span>datos Logitech podr\u00e1 modificar y actualizar esta\u00a0<\/span><span>Pol\u00edtica<\/span><span>\u00a0<\/span><span>de<\/span><span>\u00a0<\/span><span>Privacidad<\/span><span>\u00a0en cualquier momento sin previo aviso a los usuarios. El usuario debe comprobar en cada acceso que realice a la Web el contenido\u00a0<\/span><span>de<\/span><span>\u00a0la\u00a0<\/span><span>Pol\u00edtica<\/span><span>\u00a0<\/span><span>de<\/span><span>\u00a0<\/span><span>Pr<wbr \/>ivacidad<\/span><span>\u00a0para estar informado en todo momento\u00a0<\/span><span>de<\/span><span>\u00a0la informaci\u00f3n que Logitech recopila a trav\u00e9s\u00a0<\/span><span>de<\/span><span>\u00a0la Web, c\u00f3mo la usa y las circunstancias bajo las cuales podr\u00eda revelarse a terceros.<\/span><\/p>[\/et_pb_text][\/et_pb_column][\/et_pb_row][\/et_pb_section]\n","protected":false},"excerpt":{"rendered":"<p>POL\u00cdTICAS DE PRIVACIDADLogitech se compromete a proteger la\u00a0privacidad\u00a0de\u00a0los usuarios que acceden a la presente web cuya p\u00e1gina principal se encuentra en la URL\u00a0https:\/\/logitechnorthcone.com\/g435\/ El usuario puede navegar y usar la web sin necesidad de\u00a0aportar ning\u00fan dato\u00a0de\u00a0car\u00e1cter personal. Los \u00fanicos datos personales a los que Logitech tendr\u00e1 acceso ser\u00e1n aqu\u00e9llos que el usuario facilite voluntariamente a trav\u00e9s\u00a0de\u00a0los formularios habilitados al efecto.Este documento presenta la\u00a0pol\u00edtica\u00a0de\u00a0Logitech en el tratamiento\u00a0de\u00a0los datos personales recogidos a trav\u00e9s\u00a0de\u00a0la Web. La utilizaci\u00f3n\u00a0de\u00a0la Web implica la aceptaci\u00f3n por el usuario\u00a0de las disposiciones contenidas en la presente Pol\u00edtica\u00a0de\u00a0Privacidad\u00a0y que sus datos personales sean tratados seg\u00fan se estipula en la misma. A pesar\u00a0de\u00a0que puedan existir enlaces en la Web a otras p\u00e1ginas web, esta\u00a0Pol\u00edtica\u00a0de\u00a0Privacidad\u00a0aplica tan solo a la Web y no a las p\u00e1ginas web\u00a0de\u00a0otras compa\u00f1\u00edas, organizaciones u otros terceros a las que la Web est\u00e9 redirigida. Logitech no controla ni aprueba el contenido\u00a0de\u00a0las p\u00e1ginas web\u00a0de\u00a0terceros ni acepta cualquier responsabilidad por el contenido o las\u00a0pol\u00edticas\u00a0de\u00a0privacidad\u00a0de\u00a0dichas p\u00e1ginas web.Responsable del tratamientoDe\u00a0conformidad con la normativa vigente, se informa al usuario\u00a0de\u00a0que los datos personales que se faciliten a trav\u00e9s\u00a0de\u00a0la presente Web, pasar\u00e1n a formar parte\u00a0de\u00a0una base\u00a0de\u00a0datos cuyo responsable es Logitech.Finalidades Los datos personales que el usuario facilite al llenar el formulario\u00a0de\u00a0registro ser\u00e1n utilizados para otorgarle [&hellip;]<\/p>\n","protected":false},"author":1,"featured_media":0,"parent":0,"menu_order":0,"comment_status":"closed","ping_status":"closed","template":"page-template-blank.php","meta":{"_et_pb_use_builder":"on","_et_pb_old_content":"","_et_gb_content_width":"","footnotes":""},"class_list":["post-131","page","type-page","status-publish","hentry"],"_hostinger_reach_plugin_has_subscription_block":false,"_hostinger_reach_plugin_is_elementor":false,"_links":{"self":[{"href":"https:\/\/logitechnorthcone.com\/g435\/wp-json\/wp\/v2\/pages\/131","targetHints":{"allow":["GET"]}}],"collection":[{"href":"https:\/\/logitechnorthcone.com\/g435\/wp-json\/wp\/v2\/pages"}],"about":[{"href":"https:\/\/logitechnorthcone.com\/g435\/wp-json\/wp\/v2\/types\/page"}],"author":[{"embeddable":true,"href":"https:\/\/logitechnorthcone.com\/g435\/wp-json\/wp\/v2\/users\/1"}],"replies":[{"embeddable":true,"href":"https:\/\/logitechnorthcone.com\/g435\/wp-json\/wp\/v2\/comments?post=131"}],"version-history":[{"count":3,"href":"https:\/\/logitechnorthcone.com\/g435\/wp-json\/wp\/v2\/pages\/131\/revisions"}],"predecessor-version":[{"id":135,"href":"https:\/\/logitechnorthcone.com\/g435\/wp-json\/wp\/v2\/pages\/131\/revisions\/135"}],"wp:attachment":[{"href":"https:\/\/logitechnorthcone.com\/g435\/wp-json\/wp\/v2\/media?parent=131"}],"curies":[{"name":"wp","href":"https:\/\/api.w.org\/{rel}","templated":true}]}}